{"id":3232,"date":"2025-04-03T10:27:02","date_gmt":"2025-04-03T08:27:02","guid":{"rendered":"https:\/\/claai.info\/cms\/?page_id=3232"},"modified":"2025-05-10T19:13:35","modified_gmt":"2025-05-10T17:13:35","slug":"diritto-dautore-le-iniziative-e-le-campagne-informative-di-claai-e-siae","status":"publish","type":"page","link":"https:\/\/claai.info\/cms\/diritto-dautore-le-iniziative-e-le-campagne-informative-di-claai-e-siae\/","title":{"rendered":"DIRITTO D&#8217;AUTORE. LE INIZIATIVE E LE CAMPAGNE INFORMATIVE DI CLAAI E SIAE"},"content":{"rendered":"<p>[et_pb_section admin_label=&#8221;section&#8221;]<br \/>\n\t\t\t[et_pb_row admin_label=&#8221;row&#8221;]<br \/>\n\t\t\t\t[et_pb_column type=&#8221;4_4&#8243;][et_pb_text admin_label=&#8221;Text&#8221;]<strong>MUSICA D&#8217;AMBIENTE NELLA TUA IMPRESA, L&#8217;ACCORDO SIAE-UNIONE ARTIGIANI TI FA RISPARMIARE. ECCO COME E QUANTO<\/strong><\/p>\n<p class=\"p1\">Ricordiamo che<strong>\u00a0CLAAI<\/strong>\u00a0ha rinnovato e ampliato per il\u00a0<strong>2025<\/strong>\u00a0la convenzione con\u00a0<strong>SIAE<\/strong>\u00a0per gli<strong>\u00a0abbonamenti\/licenze\u00a0<\/strong>relative alla\u00a0<strong>Musica d\u2019Ambiente<\/strong>\u00a0come sottofondo\u00a0<b>per il tuo locale o la tua attivit\u00e0 commerciale.<\/b><\/p>\n<p class=\"p1\"><em><strong>Le\u00a0tariffe qui sotto allegate<\/strong><\/em>, grazie alla scontistica per le imprese associate alla rete CLAAI, sono ridotte<strong>\u00a0dell\u20198% con un ulteriore taglio del 2%<\/strong>\u00a0grazie ad una serie di iniziative di promozione sulla cultura del diritto d\u2019autore che saranno organizzate dalla CLAAI nazionale e dirette alla nostre imprese.<\/p>\n<p class=\"p1\">Per il 2025, come anticipato, potranno accedere alla scontistica questi settori di attivit\u00e0:<\/p>\n<ul class=\"ul1\">\n<li class=\"li1\"><a href=\"https:\/\/claai.info\/cms\/wp-content\/uploads\/2025\/02\/STRUTTURE-RICETTIVE-claai.pdf\"><strong>Strutture ricettive<\/strong>:<\/a> Alberghi, Hotel, Campeggi, Villaggi, Affittacamere, Agriturismi, B&amp;B, Garni, Malghe, Residence, Resort, Case Vacanza ecc<\/li>\n<li class=\"li1\"><a href=\"https:\/\/claai.info\/cms\/wp-content\/uploads\/2025\/02\/TRASPORTI-claai.pdf\"><strong>Trasporti<\/strong>:<\/a>\u00a0mezzi di trasporto incluse stazioni e impianti di risalita ecc<\/li>\n<li class=\"li1\"><a href=\"https:\/\/claai.info\/cms\/wp-content\/uploads\/2025\/02\/ESERCIZI-COMMERCIALI-claai.pdf\"><strong>Esercizi commerciali e attivit\u00e0 professionali<\/strong>:<\/a> artigiani, centri commerciali, negozi, laboratori, studi<\/li>\n<li class=\"li1\"><a href=\"https:\/\/www.siae.it\/it\/utilizzatori\/eventi-spettacolo-intrattenimento\/fitness-attivita-sportiva-gare-manifestazioni\/\"><strong>Centri fitness e palestre<\/strong><\/a>: include anche le gare e le attivit\u00e0 sportive<\/li>\n<li class=\"li1\"><strong><a href=\"https:\/\/claai.info\/cms\/wp-content\/uploads\/2024\/11\/PUBBLICI-ESERCIZI-claai.pdf\">Pubblici esercizi<\/a>:<\/strong>\u00a0bar, ristorante, Pub, Birreria, Disco Pub, Pizzeria, Panineria, Stazione di servizio con ristorazione, Cantina, Piano Bar, Lido\/stabilimento balneare<\/li>\n<\/ul>\n<p class=\"p1\">Per iniziare a utilizzare la musica come sottofondo,\u00a0<b>attiva il tuo abbonamento<\/b>\u00a0rivolgendoti all\u2019<a href=\"https:\/\/www.siae.it\/it\/chi-siamo\/uffici-e-contatti\/\"><span class=\"s2\">Ufficio SIAE pi\u00f9 vicino a te.<\/span><\/a><span class=\"s2\"> Ricordati di portare la tua tessera associativa o ricordando agli addetti SIAE l\u2019iscrizione alla rete CLAAI.<\/span><\/p>\n<p class=\"p1\"><b>Se hai gi\u00e0 un abbonamento e devi rinnovarlo\u00a0<\/b>rivolgiti all\u2019<a href=\"https:\/\/www.siae.it\/it\/chi-siamo\/uffici-e-contatti\"><span class=\"s2\">Ufficio SIAE<\/span><\/a>, tessera associativa alla mano. oppure, se i dettagli del tuo abbonamento non hanno subito variazioni, puoi utilizzare il\u00a0<b>MAV che hai ricevuto via PEC.\u00a0\u00a0<\/b><b>Verifica sempre che siano state inserite le agevolazioni previste dalla convenzione CLAAI\/SIAE.<\/b><\/p>\n<p>________________________________________________________________________________________________<\/p>\n<p><strong>ORGANIZZI UN EVENTO CON MUSICA? MA SAI CHE COS&#8217;\u00c8 UN BORDERO&#8217;?\u00a0<\/strong><\/p>\n<p class=\"ck-siae-paragraph\">Il border\u00f2 (o \u201cProgramma Musicale\u201d) \u00e8 il documento su cui vengono riportate\u00a0<strong>tutte le opere eseguite durante un evento<\/strong>, e che permette a SIAE di ripartire correttamente il diritto d\u2019autore incassato per l\u2019evento musicale.<\/p>\n<p class=\"ck-siae-paragraph\">Oggi gestire e compilare il Programma Musicale \u00e8 facile e veloce; puoi farlo sia da desktop, con il Portale mioBorder\u00f2 disponibile tra i Servizi Online sul <a href=\"http:\/\/www.siae.it\">portale SIAE<\/a>. <strong><span style=\"color: #ff0000;\"><a style=\"color: #ff0000;\" href=\"https:\/\/www.unioneproloco.it\/unpli\/wp-content\/uploads\/2015\/05\/Tutorial-mioBordero\u0300_DE_v_3.0-3.pdf\">QUI trovi tutte le istruzioni.\u00a0<\/a><\/span><\/strong><\/p>\n<hr \/>\n<p><strong>ASCOLTARE MUSICA DURANTE IL LAVORO FAVORISCE BENESSSERE E PERFORMANCE DEI COLLABORATORI<\/strong><\/p>\n<p>La psicologa del lavoro veneta <strong>Elena Ghersetti<\/strong> si occupa di consulenza aziendale. in particolare di miglioramento delle performance dei collaboratori attraverso il loro coinvolgimento nelle vita dell&#8217;impresa con valori, politiche e pratiche condivise. In<span style=\"color: #ff0000;\"><strong>\u00a0<span style=\"color: #ff0000;\"><a style=\"color: #ff0000;\" href=\"https:\/\/elenaghersetti.com\/cosa-succede-se-ascolti-musica-mentre-lavori\/\">un intervento nel suo blog<\/a><\/span><\/strong> <\/span>analizza i vantaggi dell&#8217;ascolto della musica nei luoghi di lavoro. Secondo la psicologa <em>&#8220;l\u2019utilizzo della musica sul posto di lavoro pu\u00f2 anche offrire\u00a0<strong>vantaggi aggiuntivi<\/strong> oltre a quelli relativi alla performance. Se ascoltata in compagnia, pu\u00f2 facilitare le relazioni interpersonali e stimolare lo scambio di informazioni. Inoltre, pu\u00f2 essere utilizzata come dispositivo di apprendimento per aumentare il coinvolgimento e la probabilit\u00e0 che le nozioni apprese vengano facilmente richiamate&#8221;.<\/em>[\/et_pb_text][\/et_pb_column]<br \/>\n\t\t\t[\/et_pb_row]<br \/>\n\t\t[\/et_pb_section]<\/p>\n","protected":false},"excerpt":{"rendered":"<p>MUSICA D&#8217;AMBIENTE NELLA TUA IMPRESA, L&#8217;ACCORDO SIAE-UNIONE ARTIGIANI TI FA RISPARMIARE. ECCO COME E QUANTO Ricordiamo che\u00a0CLAAI\u00a0ha rinnovato e ampliato per il\u00a02025\u00a0la convenzione con\u00a0SIAE\u00a0per gli\u00a0abbonamenti\/licenze\u00a0relative alla\u00a0Musica d\u2019Ambiente\u00a0come sottofondo\u00a0per il tuo locale o la tua attivit\u00e0 commerciale. Le\u00a0tariffe qui sotto allegate, grazie alla scontistica per le imprese associate alla rete CLAAI, sono ridotte\u00a0dell\u20198% con un ulteriore [&hellip;]<\/p>\n","protected":false},"author":5,"featured_media":0,"parent":0,"menu_order":0,"comment_status":"closed","ping_status":"closed","template":"","meta":{"_et_pb_use_builder":"on","_et_pb_old_content":"<strong>MUSICA D'AMBIENTE NELLA TUA IMPRESA, L'ACCORDO SIAE-UNIONE ARTIGIANI TI FA RISPARMIARE. ECCO COME E QUANTO<\/strong>\r\n<p class=\"p1\">Ricordiamo che<strong>\u00a0CLAAI<\/strong>\u00a0ha rinnovato e ampliato per il\u00a0<strong>2025<\/strong>\u00a0la convenzione con\u00a0<strong>SIAE<\/strong>\u00a0per gli<strong>\u00a0abbonamenti\/licenze\u00a0<\/strong>relative alla\u00a0<strong>Musica d\u2019Ambiente<\/strong>\u00a0come sottofondo\u00a0<b>per il tuo locale o la tua attivit\u00e0 commerciale.<\/b><\/p>\r\n<p class=\"p1\"><em><strong>Le\u00a0tariffe qui sotto allegate<\/strong><\/em>, grazie alla scontistica per le imprese associate alla rete CLAAI, sono ridotte<strong>\u00a0dell\u20198% con un ulteriore taglio del 2%<\/strong>\u00a0grazie ad una serie di iniziative di promozione sulla cultura del diritto d\u2019autore che saranno organizzate dalla CLAAI nazionale e dirette alla nostre imprese.<\/p>\r\n<p class=\"p1\">Per il 2025, come anticipato, potranno accedere alla scontistica questi settori di attivit\u00e0:<\/p>\r\n\r\n<ul class=\"ul1\">\r\n \t<li class=\"li1\"><a href=\"https:\/\/claai.info\/cms\/wp-content\/uploads\/2025\/02\/STRUTTURE-RICETTIVE-claai.pdf\"><strong>Strutture ricettive<\/strong>:<\/a> Alberghi, Hotel, Campeggi, Villaggi, Affittacamere, Agriturismi, B&amp;B, Garni, Malghe, Residence, Resort, Case Vacanza ecc<\/li>\r\n \t<li class=\"li1\"><a href=\"https:\/\/claai.info\/cms\/wp-content\/uploads\/2025\/02\/TRASPORTI-claai.pdf\"><strong>Trasporti<\/strong>:<\/a>\u00a0mezzi di trasporto incluse stazioni e impianti di risalita ecc<\/li>\r\n \t<li class=\"li1\"><a href=\"https:\/\/claai.info\/cms\/wp-content\/uploads\/2025\/02\/ESERCIZI-COMMERCIALI-claai.pdf\"><strong>Esercizi commerciali e attivit\u00e0 professionali<\/strong>:<\/a> artigiani, centri commerciali, negozi, laboratori, studi<\/li>\r\n \t<li class=\"li1\"><a href=\"https:\/\/www.siae.it\/it\/utilizzatori\/eventi-spettacolo-intrattenimento\/fitness-attivita-sportiva-gare-manifestazioni\/\"><strong>Centri fitness e palestre<\/strong><\/a>: include anche le gare e le attivit\u00e0 sportive<\/li>\r\n \t<li class=\"li1\"><strong><a href=\"https:\/\/claai.info\/cms\/wp-content\/uploads\/2024\/11\/PUBBLICI-ESERCIZI-claai.pdf\">Pubblici esercizi<\/a>:<\/strong>\u00a0bar, ristorante, Pub, Birreria, Disco Pub, Pizzeria, Panineria, Stazione di servizio con ristorazione, Cantina, Piano Bar, Lido\/stabilimento balneare<\/li>\r\n<\/ul>\r\n<p class=\"p1\">Per iniziare a utilizzare la musica come sottofondo,\u00a0<b>attiva il tuo abbonamento<\/b>\u00a0rivolgendoti all\u2019<a href=\"https:\/\/www.siae.it\/it\/chi-siamo\/uffici-e-contatti\/\"><span class=\"s2\">Ufficio SIAE pi\u00f9 vicino a te.<\/span><\/a><span class=\"s2\"> Ricordati di portare la tua tessera associativa o ricordando agli addetti SIAE l\u2019iscrizione alla rete CLAAI.<\/span><\/p>\r\n<p class=\"p1\"><b>Se hai gi\u00e0 un abbonamento e devi rinnovarlo\u00a0<\/b>rivolgiti all\u2019<a href=\"https:\/\/www.siae.it\/it\/chi-siamo\/uffici-e-contatti\"><span class=\"s2\">Ufficio SIAE<\/span><\/a>, tessera associativa alla mano. oppure, se i dettagli del tuo abbonamento non hanno subito variazioni, puoi utilizzare il\u00a0<b>MAV che hai ricevuto via PEC.\u00a0\u00a0<\/b><b>Verifica sempre che siano state inserite le agevolazioni previste dalla convenzione CLAAI\/SIAE.<\/b><\/p>\r\n________________________________________________________________________________________________\r\n\r\n<strong>ORGANIZZI UN EVENTO CON MUSICA? MA SAI CHE COS'\u00c8 UN BORDERO'?\u00a0<\/strong>\r\n<p class=\"ck-siae-paragraph\">Il border\u00f2 (o \u201cProgramma Musicale\u201d) \u00e8 il documento su cui vengono riportate\u00a0<strong>tutte le opere eseguite durante un evento<\/strong>, e che permette a SIAE di ripartire correttamente il diritto d\u2019autore incassato per l\u2019evento musicale.<\/p>\r\n<p class=\"ck-siae-paragraph\">Oggi gestire e compilare il Programma Musicale \u00e8 facile e veloce; puoi farlo sia da desktop, con il Portale mioBorder\u00f2 disponibile tra i Servizi Online sul <a href=\"http:\/\/www.siae.it\">portale SIAE<\/a>. <strong><span style=\"color: #ff0000;\"><a style=\"color: #ff0000;\" href=\"https:\/\/www.unioneproloco.it\/unpli\/wp-content\/uploads\/2015\/05\/Tutorial-mioBordero\u0300_DE_v_3.0-3.pdf\">QUI trovi tutte le istruzioni.\u00a0<\/a><\/span><\/strong><\/p>\r\n\r\n\r\n<hr \/>\r\n\r\n<strong>ASCOLTARE MUSICA DURANTE IL LAVORO FAVORISCE BENESSSERE E PERFORMANCE DEI COLLABORATORI<\/strong>\r\n\r\nLa psicologa del lavoro veneta <strong>Elena Ghersetti<\/strong> si occupa di consulenza aziendale. in particolare di miglioramento delle performance dei collaboratori attraverso il loro coinvolgimento nelle vita dell'impresa con valori, politiche e pratiche condivise. In<span style=\"color: #ff0000;\"><strong>\u00a0<span style=\"color: #ff0000;\"><a style=\"color: #ff0000;\" href=\"https:\/\/elenaghersetti.com\/cosa-succede-se-ascolti-musica-mentre-lavori\/\">un intervento nel suo blog<\/a><\/span><\/strong> <\/span>analizza i vantaggi dell'ascolto della musica nei luoghi di lavoro. Secondo la psicologa <em>\"l\u2019utilizzo della musica sul posto di lavoro pu\u00f2 anche offrire\u00a0<strong>vantaggi aggiuntivi<\/strong> oltre a quelli relativi alla performance. Se ascoltata in compagnia, pu\u00f2 facilitare le relazioni interpersonali e stimolare lo scambio di informazioni. Inoltre, pu\u00f2 essere utilizzata come dispositivo di apprendimento per aumentare il coinvolgimento e la probabilit\u00e0 che le nozioni apprese vengano facilmente richiamate\".<\/em>","_et_gb_content_width":"","footnotes":""},"class_list":["post-3232","page","type-page","status-publish","hentry"],"yoast_head":"<!-- This site is optimized with the Yoast SEO plugin v27.5 - https:\/\/yoast.com\/product\/yoast-seo-wordpress\/ -->\n<title>DIRITTO D&#039;AUTORE. LE INIZIATIVE E LE CAMPAGNE INFORMATIVE DI CLAAI E SIAE - claai.info<\/title>\n<meta name=\"robots\" content=\"index, follow, max-snippet:-1, max-image-preview:large, max-video-preview:-1\" \/>\n<link rel=\"canonical\" href=\"https:\/\/claai.info\/cms\/diritto-dautore-le-iniziative-e-le-campagne-informative-di-claai-e-siae\/\" \/>\n<meta property=\"og:locale\" content=\"it_IT\" \/>\n<meta property=\"og:type\" content=\"article\" \/>\n<meta property=\"og:title\" content=\"DIRITTO D&#039;AUTORE. LE INIZIATIVE E LE CAMPAGNE INFORMATIVE DI CLAAI E SIAE - claai.info\" \/>\n<meta property=\"og:description\" content=\"MUSICA D&#039;AMBIENTE NELLA TUA IMPRESA, L&#039;ACCORDO SIAE-UNIONE ARTIGIANI TI FA RISPARMIARE. ECCO COME E QUANTO Ricordiamo che\u00a0CLAAI\u00a0ha rinnovato e ampliato per il\u00a02025\u00a0la convenzione con\u00a0SIAE\u00a0per gli\u00a0abbonamenti\/licenze\u00a0relative alla\u00a0Musica d\u2019Ambiente\u00a0come sottofondo\u00a0per il tuo locale o la tua attivit\u00e0 commerciale. Le\u00a0tariffe qui sotto allegate, grazie alla scontistica per le imprese associate alla rete CLAAI, sono ridotte\u00a0dell\u20198% con un ulteriore [&hellip;]\" \/>\n<meta property=\"og:url\" content=\"https:\/\/claai.info\/cms\/diritto-dautore-le-iniziative-e-le-campagne-informative-di-claai-e-siae\/\" \/>\n<meta property=\"og:site_name\" content=\"claai.info\" \/>\n<meta property=\"article:modified_time\" content=\"2025-05-10T17:13:35+00:00\" \/>\n<meta name=\"twitter:label1\" content=\"Tempo di lettura stimato\" \/>\n\t<meta name=\"twitter:data1\" content=\"3 minuti\" \/>\n<script type=\"application\/ld+json\" class=\"yoast-schema-graph\">{\"@context\":\"https:\\\/\\\/schema.org\",\"@graph\":[{\"@type\":\"WebPage\",\"@id\":\"https:\\\/\\\/claai.info\\\/cms\\\/diritto-dautore-le-iniziative-e-le-campagne-informative-di-claai-e-siae\\\/\",\"url\":\"https:\\\/\\\/claai.info\\\/cms\\\/diritto-dautore-le-iniziative-e-le-campagne-informative-di-claai-e-siae\\\/\",\"name\":\"DIRITTO D'AUTORE. LE INIZIATIVE E LE CAMPAGNE INFORMATIVE DI CLAAI E SIAE - claai.info\",\"isPartOf\":{\"@id\":\"https:\\\/\\\/claai.info\\\/cms\\\/#website\"},\"datePublished\":\"2025-04-03T08:27:02+00:00\",\"dateModified\":\"2025-05-10T17:13:35+00:00\",\"inLanguage\":\"it-IT\",\"potentialAction\":[{\"@type\":\"ReadAction\",\"target\":[\"https:\\\/\\\/claai.info\\\/cms\\\/diritto-dautore-le-iniziative-e-le-campagne-informative-di-claai-e-siae\\\/\"]}]},{\"@type\":\"WebSite\",\"@id\":\"https:\\\/\\\/claai.info\\\/cms\\\/#website\",\"url\":\"https:\\\/\\\/claai.info\\\/cms\\\/\",\"name\":\"claai.info\",\"description\":\"Confederazione delle Libere Associazioni Artigiane Italiane\",\"potentialAction\":[{\"@type\":\"SearchAction\",\"target\":{\"@type\":\"EntryPoint\",\"urlTemplate\":\"https:\\\/\\\/claai.info\\\/cms\\\/?s={search_term_string}\"},\"query-input\":{\"@type\":\"PropertyValueSpecification\",\"valueRequired\":true,\"valueName\":\"search_term_string\"}}],\"inLanguage\":\"it-IT\"}]}<\/script>\n<!-- \/ Yoast SEO plugin. -->","yoast_head_json":{"title":"DIRITTO D'AUTORE. LE INIZIATIVE E LE CAMPAGNE INFORMATIVE DI CLAAI E SIAE - claai.info","robots":{"index":"index","follow":"follow","max-snippet":"max-snippet:-1","max-image-preview":"max-image-preview:large","max-video-preview":"max-video-preview:-1"},"canonical":"https:\/\/claai.info\/cms\/diritto-dautore-le-iniziative-e-le-campagne-informative-di-claai-e-siae\/","og_locale":"it_IT","og_type":"article","og_title":"DIRITTO D'AUTORE. LE INIZIATIVE E LE CAMPAGNE INFORMATIVE DI CLAAI E SIAE - claai.info","og_description":"MUSICA D'AMBIENTE NELLA TUA IMPRESA, L'ACCORDO SIAE-UNIONE ARTIGIANI TI FA RISPARMIARE. ECCO COME E QUANTO Ricordiamo che\u00a0CLAAI\u00a0ha rinnovato e ampliato per il\u00a02025\u00a0la convenzione con\u00a0SIAE\u00a0per gli\u00a0abbonamenti\/licenze\u00a0relative alla\u00a0Musica d\u2019Ambiente\u00a0come sottofondo\u00a0per il tuo locale o la tua attivit\u00e0 commerciale. Le\u00a0tariffe qui sotto allegate, grazie alla scontistica per le imprese associate alla rete CLAAI, sono ridotte\u00a0dell\u20198% con un ulteriore [&hellip;]","og_url":"https:\/\/claai.info\/cms\/diritto-dautore-le-iniziative-e-le-campagne-informative-di-claai-e-siae\/","og_site_name":"claai.info","article_modified_time":"2025-05-10T17:13:35+00:00","twitter_misc":{"Tempo di lettura stimato":"3 minuti"},"schema":{"@context":"https:\/\/schema.org","@graph":[{"@type":"WebPage","@id":"https:\/\/claai.info\/cms\/diritto-dautore-le-iniziative-e-le-campagne-informative-di-claai-e-siae\/","url":"https:\/\/claai.info\/cms\/diritto-dautore-le-iniziative-e-le-campagne-informative-di-claai-e-siae\/","name":"DIRITTO D'AUTORE. LE INIZIATIVE E LE CAMPAGNE INFORMATIVE DI CLAAI E SIAE - claai.info","isPartOf":{"@id":"https:\/\/claai.info\/cms\/#website"},"datePublished":"2025-04-03T08:27:02+00:00","dateModified":"2025-05-10T17:13:35+00:00","inLanguage":"it-IT","potentialAction":[{"@type":"ReadAction","target":["https:\/\/claai.info\/cms\/diritto-dautore-le-iniziative-e-le-campagne-informative-di-claai-e-siae\/"]}]},{"@type":"WebSite","@id":"https:\/\/claai.info\/cms\/#website","url":"https:\/\/claai.info\/cms\/","name":"claai.info","description":"Confederazione delle Libere Associazioni Artigiane Italiane","potentialAction":[{"@type":"SearchAction","target":{"@type":"EntryPoint","urlTemplate":"https:\/\/claai.info\/cms\/?s={search_term_string}"},"query-input":{"@type":"PropertyValueSpecification","valueRequired":true,"valueName":"search_term_string"}}],"inLanguage":"it-IT"}]}},"_links":{"self":[{"href":"https:\/\/claai.info\/cms\/wp-json\/wp\/v2\/pages\/3232","targetHints":{"allow":["GET"]}}],"collection":[{"href":"https:\/\/claai.info\/cms\/wp-json\/wp\/v2\/pages"}],"about":[{"href":"https:\/\/claai.info\/cms\/wp-json\/wp\/v2\/types\/page"}],"author":[{"embeddable":true,"href":"https:\/\/claai.info\/cms\/wp-json\/wp\/v2\/users\/5"}],"replies":[{"embeddable":true,"href":"https:\/\/claai.info\/cms\/wp-json\/wp\/v2\/comments?post=3232"}],"version-history":[{"count":2,"href":"https:\/\/claai.info\/cms\/wp-json\/wp\/v2\/pages\/3232\/revisions"}],"predecessor-version":[{"id":3301,"href":"https:\/\/claai.info\/cms\/wp-json\/wp\/v2\/pages\/3232\/revisions\/3301"}],"wp:attachment":[{"href":"https:\/\/claai.info\/cms\/wp-json\/wp\/v2\/media?parent=3232"}],"curies":[{"name":"wp","href":"https:\/\/api.w.org\/{rel}","templated":true}]}}